{"id":605,"date":"2024-07-03T15:52:41","date_gmt":"2024-07-03T13:52:41","guid":{"rendered":"https:\/\/wp.orvalis.fr\/alteroakv2\/informacion-legal\/"},"modified":"2024-07-08T10:57:31","modified_gmt":"2024-07-08T08:57:31","slug":"informacion-legal","status":"publish","type":"page","link":"https:\/\/alteroak.com\/es\/informacion-legal\/","title":{"rendered":"Informaci\u00f3n legal"},"content":{"rendered":"\n<div class=\"wp-block-group wrap willappear legal\"><div class=\"wp-block-group__inner-container\">\n<h2 class=\"wp-block-heading\" id=\"propriete\">Propiedad<\/h2>\n\n\n\n<p><p style=\"font-weight: 400;\">Este sitio est\u00e1 gestionado por Alter Oak.<\/p>&#13;\n<p style=\"font-weight: 400;\">Todo el contenido es propiedad de Alter Oak, bajo copyright.<\/p><\/p>\n\n\n\n<p>Direcci\u00f3n: 375 avenue de Tivoli &#8211; 33110 Le Bouscat &#8211; Francia<\/p>\n\n\n\n<p><p style=\"font-weight: 400;\">N\u00famero de IVA intracomunitario: FR58525091344<\/p>&#13;\n<p style=\"font-weight: 400;\">Registro Mercantil y de Sociedades: Par\u00eds B 525 091 344<\/p><\/p>\n\n\n\n<h2 class=\"wp-block-heading\" id=\"a-propos-du-site\">ACERCA DEL SITIO<\/h2>\n\n\n\n<div class=\"wp-block-columns\">\n<div class=\"wp-block-column\">\n<h3 class=\"wp-block-heading has-text-align-left\" id=\"hebergement\">ALOJAMIENTO<\/h3>\n\n\n\n<p>Scaleway<\/p>\n\n\n\n<p><p style=\"font-weight: 400;\">Sociedad por acciones simplificada con capital de 214.410,50 euros<\/p>&#13;\n<p style=\"font-weight: 400;\">SIREN: 433 115 904 RCS Par\u00eds<\/p>&#13;\n<p style=\"font-weight: 400;\">Domicilio social: 8 rue de la Ville l&#8217;Ev\u00eaque, 75008 Par\u00eds<\/p>&#13;\n<p style=\"font-weight: 400;\">N\u00famero de IVA intracomunitario: FR 35 433115904<\/p>&#13;\n<p style=\"font-weight: 400;\">Director de la publicaci\u00f3n: Arnaud Brindejonc de Bermingham<\/p>&#13;\n<p style=\"font-weight: 400;\">Correo: SCALEWAY SAS BP 438 75366 PARIS CEDEX 08 FRANCIA<\/p>&#13;\n<p style=\"font-weight: 400;\">Tel\u00e9fono: +33 (0)1 84 13 00 00<\/p>&#13;\n<p style=\"font-weight: 400;\">Fax: +33 (0)899 173 788 (1,35 euros por llamada y luego 0,34 euros\/min)<\/p>&#13;\n<p style=\"font-weight: 400;\">www.scaleway.com<\/p><\/p>\n<\/div>\n\n\n\n<div class=\"wp-block-column\">\n<h3 class=\"wp-block-heading has-text-align-left\" id=\"conception-realisation-illustrations\">Dise\u00f1o, producci\u00f3n e ilustraciones por<\/h3>\n\n\n\n<p>Orvalis<\/p>\n\n\n\n<p><p style=\"font-weight: 400;\">1 quai Deschamps&#13;\n33100 Burdeos<\/p><\/p>\n\n\n\n<p><p style=\"font-weight: 400;\">contact@orvalis-fr&#13;\nwww.orvalis.fr<\/p><\/p>\n\n\n\n<p><p style=\"font-weight: 400;\">N\u00famero de IVA intracomunitario: FR44503696890<\/p>&#13;\n<p style=\"font-weight: 400;\">Registro Mercantil y de Sociedades: Burdeos B 503 696 890<\/p><\/p>\n<\/div>\n<\/div>\n\n\n\n<h2 class=\"wp-block-heading\" id=\"vos-droits\">SUS DERECHOS<\/h2>\n\n\n\n<p>Visit the <a href=\"https:\/\/wp.orvalis.fr\/alteroakv2\/cookie-policy-eu\/\">page on our cookies policy<\/a><\/p>\n\n\n\n<p>Consult the <a href=\"https:\/\/wp.orvalis.fr\/alteroakv2\/politique-de-confidentialite\/?lang=fr\" data-type=\"page\" data-id=\"572\">page on the privacy policy confidentiality<\/a><\/p>\n<\/div><\/div>\n","protected":false},"excerpt":{"rendered":"<p>Propiedad Este sitio est\u00e1 gestionado por Alter Oak. &#13; Todo el contenido es propiedad de Alter Oak, bajo copyright. Direcci\u00f3n: 375 avenue de Tivoli &#8211; 33110 Le Bouscat &#8211; Francia&#8230; <i class=\"fal fa-long-arrow-right\"><\/i><\/p>\n","protected":false},"author":1,"featured_media":0,"parent":0,"menu_order":0,"comment_status":"closed","ping_status":"closed","template":"page-legal.php","meta":{"footnotes":""},"class_list":["post-605","page","type-page","status-publish","hentry"],"yoast_head":"<!-- This site is optimized with the Yoast SEO plugin v27.3 - https:\/\/yoast.com\/product\/yoast-seo-wordpress\/ -->\n<title>Informaci\u00f3n legal - Alter Oak - Second hand casks &amp; new oak barrels<\/title>\n<meta name=\"robots\" content=\"index, follow, max-snippet:-1, max-image-preview:large, max-video-preview:-1\" \/>\n<link rel=\"canonical\" href=\"https:\/\/alteroak.com\/es\/informacion-legal\/\" \/>\n<meta property=\"og:locale\" content=\"es_ES\" \/>\n<meta property=\"og:type\" content=\"article\" \/>\n<meta property=\"og:title\" content=\"Informaci\u00f3n legal - Alter Oak - Second hand casks &amp; new oak barrels\" \/>\n<meta property=\"og:description\" content=\"Propiedad Este sitio est\u00e1 gestionado por Alter Oak. &#013; Todo el contenido es propiedad de Alter Oak, bajo copyright. Direcci\u00f3n: 375 avenue de Tivoli &#8211; 33110 Le Bouscat &#8211; Francia...\" \/>\n<meta property=\"og:url\" content=\"https:\/\/alteroak.com\/es\/informacion-legal\/\" \/>\n<meta property=\"og:site_name\" content=\"Alter Oak - Second hand casks &amp; new oak barrels\" \/>\n<meta property=\"article:modified_time\" content=\"2024-07-08T08:57:31+00:00\" \/>\n<meta name=\"twitter:card\" content=\"summary_large_image\" \/>\n<meta name=\"twitter:label1\" content=\"Tiempo de lectura\" \/>\n\t<meta name=\"twitter:data1\" content=\"1 minuto\" \/>\n<script type=\"application\/ld+json\" class=\"yoast-schema-graph\">{\"@context\":\"https:\\\/\\\/schema.org\",\"@graph\":[{\"@type\":\"WebPage\",\"@id\":\"https:\\\/\\\/alteroak.com\\\/es\\\/informacion-legal\\\/\",\"url\":\"https:\\\/\\\/alteroak.com\\\/es\\\/informacion-legal\\\/\",\"name\":\"Informaci\u00f3n legal - Alter Oak - Second hand casks &amp; new oak barrels\",\"isPartOf\":{\"@id\":\"https:\\\/\\\/alteroak.com\\\/es\\\/#website\"},\"datePublished\":\"2024-07-03T13:52:41+00:00\",\"dateModified\":\"2024-07-08T08:57:31+00:00\",\"breadcrumb\":{\"@id\":\"https:\\\/\\\/alteroak.com\\\/es\\\/informacion-legal\\\/#breadcrumb\"},\"inLanguage\":\"es\",\"potentialAction\":[{\"@type\":\"ReadAction\",\"target\":[\"https:\\\/\\\/alteroak.com\\\/es\\\/informacion-legal\\\/\"]}]},{\"@type\":\"BreadcrumbList\",\"@id\":\"https:\\\/\\\/alteroak.com\\\/es\\\/informacion-legal\\\/#breadcrumb\",\"itemListElement\":[{\"@type\":\"ListItem\",\"position\":1,\"name\":\"Home\",\"item\":\"https:\\\/\\\/alteroak.com\\\/es\\\/\"},{\"@type\":\"ListItem\",\"position\":2,\"name\":\"Informaci\u00f3n legal\"}]},{\"@type\":\"WebSite\",\"@id\":\"https:\\\/\\\/alteroak.com\\\/es\\\/#website\",\"url\":\"https:\\\/\\\/alteroak.com\\\/es\\\/\",\"name\":\"Alter Oak - Second hand casks &amp; new oak barrels\",\"description\":\"\",\"potentialAction\":[{\"@type\":\"SearchAction\",\"target\":{\"@type\":\"EntryPoint\",\"urlTemplate\":\"https:\\\/\\\/alteroak.com\\\/es\\\/?s={search_term_string}\"},\"query-input\":{\"@type\":\"PropertyValueSpecification\",\"valueRequired\":true,\"valueName\":\"search_term_string\"}}],\"inLanguage\":\"es\"}]}<\/script>\n<!-- \/ Yoast SEO plugin. -->","yoast_head_json":{"title":"Informaci\u00f3n legal - Alter Oak - Second hand casks &amp; new oak barrels","robots":{"index":"index","follow":"follow","max-snippet":"max-snippet:-1","max-image-preview":"max-image-preview:large","max-video-preview":"max-video-preview:-1"},"canonical":"https:\/\/alteroak.com\/es\/informacion-legal\/","og_locale":"es_ES","og_type":"article","og_title":"Informaci\u00f3n legal - Alter Oak - Second hand casks &amp; new oak barrels","og_description":"Propiedad Este sitio est\u00e1 gestionado por Alter Oak. &#13; Todo el contenido es propiedad de Alter Oak, bajo copyright. Direcci\u00f3n: 375 avenue de Tivoli &#8211; 33110 Le Bouscat &#8211; Francia...","og_url":"https:\/\/alteroak.com\/es\/informacion-legal\/","og_site_name":"Alter Oak - Second hand casks &amp; new oak barrels","article_modified_time":"2024-07-08T08:57:31+00:00","twitter_card":"summary_large_image","twitter_misc":{"Tiempo de lectura":"1 minuto"},"schema":{"@context":"https:\/\/schema.org","@graph":[{"@type":"WebPage","@id":"https:\/\/alteroak.com\/es\/informacion-legal\/","url":"https:\/\/alteroak.com\/es\/informacion-legal\/","name":"Informaci\u00f3n legal - Alter Oak - Second hand casks &amp; new oak barrels","isPartOf":{"@id":"https:\/\/alteroak.com\/es\/#website"},"datePublished":"2024-07-03T13:52:41+00:00","dateModified":"2024-07-08T08:57:31+00:00","breadcrumb":{"@id":"https:\/\/alteroak.com\/es\/informacion-legal\/#breadcrumb"},"inLanguage":"es","potentialAction":[{"@type":"ReadAction","target":["https:\/\/alteroak.com\/es\/informacion-legal\/"]}]},{"@type":"BreadcrumbList","@id":"https:\/\/alteroak.com\/es\/informacion-legal\/#breadcrumb","itemListElement":[{"@type":"ListItem","position":1,"name":"Home","item":"https:\/\/alteroak.com\/es\/"},{"@type":"ListItem","position":2,"name":"Informaci\u00f3n legal"}]},{"@type":"WebSite","@id":"https:\/\/alteroak.com\/es\/#website","url":"https:\/\/alteroak.com\/es\/","name":"Alter Oak - Second hand casks &amp; new oak barrels","description":"","potentialAction":[{"@type":"SearchAction","target":{"@type":"EntryPoint","urlTemplate":"https:\/\/alteroak.com\/es\/?s={search_term_string}"},"query-input":{"@type":"PropertyValueSpecification","valueRequired":true,"valueName":"search_term_string"}}],"inLanguage":"es"}]}},"_links":{"self":[{"href":"https:\/\/alteroak.com\/es\/wp-json\/wp\/v2\/pages\/605","targetHints":{"allow":["GET"]}}],"collection":[{"href":"https:\/\/alteroak.com\/es\/wp-json\/wp\/v2\/pages"}],"about":[{"href":"https:\/\/alteroak.com\/es\/wp-json\/wp\/v2\/types\/page"}],"author":[{"embeddable":true,"href":"https:\/\/alteroak.com\/es\/wp-json\/wp\/v2\/users\/1"}],"replies":[{"embeddable":true,"href":"https:\/\/alteroak.com\/es\/wp-json\/wp\/v2\/comments?post=605"}],"version-history":[{"count":4,"href":"https:\/\/alteroak.com\/es\/wp-json\/wp\/v2\/pages\/605\/revisions"}],"predecessor-version":[{"id":709,"href":"https:\/\/alteroak.com\/es\/wp-json\/wp\/v2\/pages\/605\/revisions\/709"}],"wp:attachment":[{"href":"https:\/\/alteroak.com\/es\/wp-json\/wp\/v2\/media?parent=605"}],"curies":[{"name":"wp","href":"https:\/\/api.w.org\/{rel}","templated":true}]}}