{"id":607,"date":"2024-07-03T16:17:46","date_gmt":"2024-07-03T14:17:46","guid":{"rendered":"https:\/\/wp.orvalis.fr\/alteroakv2\/politica-de-privacidad\/"},"modified":"2024-07-04T11:38:38","modified_gmt":"2024-07-04T09:38:38","slug":"politica-de-privacidad","status":"publish","type":"page","link":"https:\/\/alteroak.com\/es\/politica-de-privacidad\/","title":{"rendered":"Pol\u00edtica de privacidad"},"content":{"rendered":"\n<div class=\"wp-block-group wrap 2-col\"><div class=\"wp-block-group__inner-container\">\n<div id=\"legal\" class=\"wp-block-group\"><div class=\"wp-block-group__inner-container\">\n<h2 class=\"wp-block-heading\" id=\"introduction\">INTRODUCCI\u00d3N<\/h2>\n\n\n\n<p><p style=\"font-weight: 400;\">En el ejercicio de su actividad, SASU Alter Oak, con domicilio social en 375 avenue de Tivoli &#8211; 33110 Le Bouscat, recoge y trata informaci\u00f3n, parte de la cual se denomina \u00abdatos personales\u00bb. Alter Oak concede una gran importancia al respeto de la vida privada y s\u00f3lo utiliza los datos de manera responsable y confidencial y para un fin espec\u00edfico.<\/p><\/p>\n\n\n\n<h2 class=\"wp-block-heading\" id=\"donnees-personnelles\">DATOS PERSONALES<\/h2>\n\n\n\n<p><p style=\"font-weight: 400;\">En el sitio web alteroak.com, existen 2 tipos de datos susceptibles de ser recogidos:<\/p><\/p>\n\n\n\n<ul class=\"wp-block-list\">\n<li><p style=\"font-weight: 400;\"><strong>Datos transmitidos directamente<\/strong><\/p>&#13;\n<p style=\"font-weight: 400;\">Estos datos son los que usted nos transmite directamente, a trav\u00e9s de un formulario de contacto o por contacto directo por correo electr\u00f3nico. Los campos \u00abnombre y apellidos\u00bb, \u00abasunto\u00bb y \u00abcorreo electr\u00f3nico\u00bb son obligatorios en el formulario de contacto.<\/p><\/li>\n\n\n\n<li><p style=\"font-weight: 400;\"><strong>Datos recogidos autom\u00e1ticamente<\/strong><\/p>&#13;\n<p style=\"font-weight: 400;\">Durante sus visitas, una vez que haya dado su consentimiento, podemos recopilar informaci\u00f3n de tipo \u00abanal\u00edtica web\u00bb relativa a su navegaci\u00f3n, la duraci\u00f3n de su visita, su direcci\u00f3n IP, su tipo y versi\u00f3n de navegador. La tecnolog\u00eda utilizada es una cookie.<\/p><\/li>\n<\/ul>\n\n\n\n<h2 class=\"wp-block-heading\" id=\"utilisation-des-donnees\">UTILIZACI\u00d3N DE LOS DATOS<\/h2>\n\n\n\n<p>Los datos personales s\u00f3lo se recogen con el consentimiento obligatorio del usuario. Este consentimiento se obtiene de forma v\u00e1lida (botones y casillas de verificaci\u00f3n), libre, clara e inequ\u00edvoca.<\/p>\n\n\n\n<h2 class=\"wp-block-heading\" id=\"duree-de-conservation\">PER\u00cdODO DE CONSERVACI\u00d3N<\/h2>\n\n\n\n<p>Los datos se conservar\u00e1n un m\u00e1ximo de 3 a\u00f1os.<\/p>\n\n\n\n<h2 class=\"wp-block-heading\" id=\"cookies\">COOKIES<\/h2>\n\n\n\n<p><p style=\"font-weight: 400;\">La lista de cookies utilizadas est\u00e1 disponible en la p\u00e1gina \u00ab<a href=\"https:\/\/wp.orvalis.fr\/alteroakv2\/es\/cookie-policy\/\">Pol\u00edtica de cookies<\/a>\u00ab.<\/p><\/p>\n\n\n\n<h2 class=\"wp-block-heading\" id=\"vos-droits-concernant-les-donnees-personnelles\">SUS DERECHOS RELATIVOS A LOS DATOS PERSONALES<\/h2>\n\n\n\n<p>Tiene derecho a consultar, modificar o suprimir todos sus datos personales. Tambi\u00e9n puede retirar su consentimiento al tratamiento de sus datos.<\/p>\n\n\n\n<h2 class=\"wp-block-heading\" id=\"contact-delegue-a-la-protection-des-donnees\">CONTACTO CON EL RESPONSABLE DE LA PROTECCI\u00d3N DE DATOS<\/h2>\n\n\n\n<p>Alexandra Barrailh &#8211; info@alteroak.comAlexandra Barrailh &#8211; info@alteroak.com<\/p>\n<\/div><\/div>\n<\/div><\/div>\n","protected":false},"excerpt":{"rendered":"<p>INTRODUCCI\u00d3N En el ejercicio de su actividad, SASU Alter Oak, con domicilio social en 375 avenue de Tivoli &#8211; 33110 Le Bouscat, recoge y trata informaci\u00f3n, parte de la cual&#8230; <i class=\"fal fa-long-arrow-right\"><\/i><\/p>\n","protected":false},"author":1,"featured_media":0,"parent":0,"menu_order":0,"comment_status":"closed","ping_status":"closed","template":"page-legal.php","meta":{"footnotes":""},"class_list":["post-607","page","type-page","status-publish","hentry"],"yoast_head":"<!-- This site is optimized with the Yoast SEO plugin v27.3 - https:\/\/yoast.com\/product\/yoast-seo-wordpress\/ -->\n<title>Pol\u00edtica de privacidad - Alter Oak - Second hand casks &amp; new oak barrels<\/title>\n<meta name=\"robots\" content=\"index, follow, max-snippet:-1, max-image-preview:large, max-video-preview:-1\" \/>\n<link rel=\"canonical\" href=\"https:\/\/alteroak.com\/es\/politica-de-privacidad\/\" \/>\n<meta property=\"og:locale\" content=\"es_ES\" \/>\n<meta property=\"og:type\" content=\"article\" \/>\n<meta property=\"og:title\" content=\"Pol\u00edtica de privacidad - Alter Oak - Second hand casks &amp; new oak barrels\" \/>\n<meta property=\"og:description\" content=\"INTRODUCCI\u00d3N En el ejercicio de su actividad, SASU Alter Oak, con domicilio social en 375 avenue de Tivoli &#8211; 33110 Le Bouscat, recoge y trata informaci\u00f3n, parte de la cual...\" \/>\n<meta property=\"og:url\" content=\"https:\/\/alteroak.com\/es\/politica-de-privacidad\/\" \/>\n<meta property=\"og:site_name\" content=\"Alter Oak - Second hand casks &amp; new oak barrels\" \/>\n<meta property=\"article:modified_time\" content=\"2024-07-04T09:38:38+00:00\" \/>\n<meta name=\"twitter:card\" content=\"summary_large_image\" \/>\n<meta name=\"twitter:label1\" content=\"Tiempo de lectura\" \/>\n\t<meta name=\"twitter:data1\" content=\"1 minuto\" \/>\n<script type=\"application\/ld+json\" class=\"yoast-schema-graph\">{\"@context\":\"https:\\\/\\\/schema.org\",\"@graph\":[{\"@type\":\"WebPage\",\"@id\":\"https:\\\/\\\/alteroak.com\\\/es\\\/politica-de-privacidad\\\/\",\"url\":\"https:\\\/\\\/alteroak.com\\\/es\\\/politica-de-privacidad\\\/\",\"name\":\"Pol\u00edtica de privacidad - Alter Oak - Second hand casks &amp; new oak barrels\",\"isPartOf\":{\"@id\":\"https:\\\/\\\/alteroak.com\\\/es\\\/#website\"},\"datePublished\":\"2024-07-03T14:17:46+00:00\",\"dateModified\":\"2024-07-04T09:38:38+00:00\",\"breadcrumb\":{\"@id\":\"https:\\\/\\\/alteroak.com\\\/es\\\/politica-de-privacidad\\\/#breadcrumb\"},\"inLanguage\":\"es\",\"potentialAction\":[{\"@type\":\"ReadAction\",\"target\":[\"https:\\\/\\\/alteroak.com\\\/es\\\/politica-de-privacidad\\\/\"]}]},{\"@type\":\"BreadcrumbList\",\"@id\":\"https:\\\/\\\/alteroak.com\\\/es\\\/politica-de-privacidad\\\/#breadcrumb\",\"itemListElement\":[{\"@type\":\"ListItem\",\"position\":1,\"name\":\"Home\",\"item\":\"https:\\\/\\\/alteroak.com\\\/es\\\/\"},{\"@type\":\"ListItem\",\"position\":2,\"name\":\"Pol\u00edtica de privacidad\"}]},{\"@type\":\"WebSite\",\"@id\":\"https:\\\/\\\/alteroak.com\\\/es\\\/#website\",\"url\":\"https:\\\/\\\/alteroak.com\\\/es\\\/\",\"name\":\"Alter Oak - Second hand casks &amp; new oak barrels\",\"description\":\"\",\"potentialAction\":[{\"@type\":\"SearchAction\",\"target\":{\"@type\":\"EntryPoint\",\"urlTemplate\":\"https:\\\/\\\/alteroak.com\\\/es\\\/?s={search_term_string}\"},\"query-input\":{\"@type\":\"PropertyValueSpecification\",\"valueRequired\":true,\"valueName\":\"search_term_string\"}}],\"inLanguage\":\"es\"}]}<\/script>\n<!-- \/ Yoast SEO plugin. -->","yoast_head_json":{"title":"Pol\u00edtica de privacidad - Alter Oak - Second hand casks &amp; new oak barrels","robots":{"index":"index","follow":"follow","max-snippet":"max-snippet:-1","max-image-preview":"max-image-preview:large","max-video-preview":"max-video-preview:-1"},"canonical":"https:\/\/alteroak.com\/es\/politica-de-privacidad\/","og_locale":"es_ES","og_type":"article","og_title":"Pol\u00edtica de privacidad - Alter Oak - Second hand casks &amp; new oak barrels","og_description":"INTRODUCCI\u00d3N En el ejercicio de su actividad, SASU Alter Oak, con domicilio social en 375 avenue de Tivoli &#8211; 33110 Le Bouscat, recoge y trata informaci\u00f3n, parte de la cual...","og_url":"https:\/\/alteroak.com\/es\/politica-de-privacidad\/","og_site_name":"Alter Oak - Second hand casks &amp; new oak barrels","article_modified_time":"2024-07-04T09:38:38+00:00","twitter_card":"summary_large_image","twitter_misc":{"Tiempo de lectura":"1 minuto"},"schema":{"@context":"https:\/\/schema.org","@graph":[{"@type":"WebPage","@id":"https:\/\/alteroak.com\/es\/politica-de-privacidad\/","url":"https:\/\/alteroak.com\/es\/politica-de-privacidad\/","name":"Pol\u00edtica de privacidad - Alter Oak - Second hand casks &amp; new oak barrels","isPartOf":{"@id":"https:\/\/alteroak.com\/es\/#website"},"datePublished":"2024-07-03T14:17:46+00:00","dateModified":"2024-07-04T09:38:38+00:00","breadcrumb":{"@id":"https:\/\/alteroak.com\/es\/politica-de-privacidad\/#breadcrumb"},"inLanguage":"es","potentialAction":[{"@type":"ReadAction","target":["https:\/\/alteroak.com\/es\/politica-de-privacidad\/"]}]},{"@type":"BreadcrumbList","@id":"https:\/\/alteroak.com\/es\/politica-de-privacidad\/#breadcrumb","itemListElement":[{"@type":"ListItem","position":1,"name":"Home","item":"https:\/\/alteroak.com\/es\/"},{"@type":"ListItem","position":2,"name":"Pol\u00edtica de privacidad"}]},{"@type":"WebSite","@id":"https:\/\/alteroak.com\/es\/#website","url":"https:\/\/alteroak.com\/es\/","name":"Alter Oak - Second hand casks &amp; new oak barrels","description":"","potentialAction":[{"@type":"SearchAction","target":{"@type":"EntryPoint","urlTemplate":"https:\/\/alteroak.com\/es\/?s={search_term_string}"},"query-input":{"@type":"PropertyValueSpecification","valueRequired":true,"valueName":"search_term_string"}}],"inLanguage":"es"}]}},"_links":{"self":[{"href":"https:\/\/alteroak.com\/es\/wp-json\/wp\/v2\/pages\/607","targetHints":{"allow":["GET"]}}],"collection":[{"href":"https:\/\/alteroak.com\/es\/wp-json\/wp\/v2\/pages"}],"about":[{"href":"https:\/\/alteroak.com\/es\/wp-json\/wp\/v2\/types\/page"}],"author":[{"embeddable":true,"href":"https:\/\/alteroak.com\/es\/wp-json\/wp\/v2\/users\/1"}],"replies":[{"embeddable":true,"href":"https:\/\/alteroak.com\/es\/wp-json\/wp\/v2\/comments?post=607"}],"version-history":[{"count":2,"href":"https:\/\/alteroak.com\/es\/wp-json\/wp\/v2\/pages\/607\/revisions"}],"predecessor-version":[{"id":628,"href":"https:\/\/alteroak.com\/es\/wp-json\/wp\/v2\/pages\/607\/revisions\/628"}],"wp:attachment":[{"href":"https:\/\/alteroak.com\/es\/wp-json\/wp\/v2\/media?parent=607"}],"curies":[{"name":"wp","href":"https:\/\/api.w.org\/{rel}","templated":true}]}}