{"id":570,"date":"2024-06-27T17:47:43","date_gmt":"2024-06-27T15:47:43","guid":{"rendered":"https:\/\/wp.orvalis.fr\/alteroakv2\/?page_id=570"},"modified":"2024-06-27T17:53:20","modified_gmt":"2024-06-27T15:53:20","slug":"mentions-legales","status":"publish","type":"page","link":"https:\/\/alteroak.com\/fr\/mentions-legales\/","title":{"rendered":"Mentions l\u00e9gales"},"content":{"rendered":"\n<div class=\"wp-block-group wrap willappear legal\"><div class=\"wp-block-group__inner-container\">\n<h2 class=\"wp-block-heading\" id=\"propriete\">Propri\u00e9t\u00e9<\/h2>\n\n\n\n<p>Ce site est op\u00e9r\u00e9 par la soci\u00e9t\u00e9 <strong>Alter Oak<\/strong><br>L&rsquo;ensemble des contenus est la propri\u00e9t\u00e9 d&rsquo;Alter Oak, sous copyright.<\/p>\n\n\n\n<p>Adresse : 375 avenue de Tivoli \u2013 33110 Le Bouscat &#8211; France<\/p>\n\n\n\n<p>Num\u00e9ro de TVA intracommunautaire : FR58525091344<br>RCS : Paris B 525 091 344<\/p>\n\n\n\n<h2 class=\"wp-block-heading\" id=\"a-propos-du-site\">A propos du site<\/h2>\n\n\n\n<div class=\"wp-block-columns\">\n<div class=\"wp-block-column\">\n<h3 class=\"wp-block-heading has-text-align-left\" id=\"hebergement\">H\u00e9bergement<\/h3>\n\n\n\n<p>Soci\u00e9t\u00e9 Scaleway<\/p>\n\n\n\n<p>Soci\u00e9t\u00e9 par Actions Simplifi\u00e9e au capital de 214 410,50 Euros<br>SIREN&nbsp;: 433 115 904 RCS Paris<br>Si\u00e8ge social&nbsp;: 8 rue de la Ville l\u2019Ev\u00eaque, 75008 Paris<br>N\u00b0 de TVA intracommunautaire&nbsp;: FR 35 433115904<br>Directeur de publication : Arnaud Brindejonc de Bermingham<br>Courrier<strong>&nbsp;:<\/strong>&nbsp;SCALEWAY SAS BP 438 75366 PARIS CEDEX 08 FRANCE<br>T\u00e9l\u00e9phone<strong>&nbsp;:<\/strong>&nbsp;+33 (0)1 84 13 00 00<br>Fax<strong>&nbsp;:<\/strong>&nbsp;+33 (0)899 173 788 (1.35 \u20ac par appel puis 0,34 \u20ac\/min)<br><a href=\"https:\/\/scaleway.com\" data-type=\"URL\" data-id=\"https:\/\/ovh.com\">www.scaleway.com<\/a><\/p>\n<\/div>\n\n\n\n<div class=\"wp-block-column\">\n<h3 class=\"wp-block-heading has-text-align-left\" id=\"conception-realisation-illustrations\">Conception, r\u00e9alisation &amp; illustrations<\/h3>\n\n\n\n<p>Soci\u00e9t\u00e9 <strong>Orvalis<\/strong><\/p>\n\n\n\n<p>1 quai Deschamps<br>33100 Bordeaux<\/p>\n\n\n\n<p>contact@orvalis-fr<br><a href=\"https:\/\/orvalis.fr\">www.orvalis.fr<\/a><\/p>\n\n\n\n<p>Num\u00e9ro de TVA intracommunautaire : FR44503696890<br>RCS : Bordeaux B 503&nbsp;696&nbsp;890<\/p>\n<\/div>\n<\/div>\n\n\n\n<h2 class=\"wp-block-heading\" id=\"vos-droits\">Vos droits<\/h2>\n\n\n\n<p>Consultez la <a href=\"https:\/\/wp.orvalis.fr\/alteroakv2\/cookie-policy-eu\/\">page sur notre politique des cookies<\/a><\/p>\n\n\n\n<p>Consultez la <a href=\"https:\/\/wp.orvalis.fr\/alteroakv2\/politique-de-confidentialite\/?lang=fr\" data-type=\"page\" data-id=\"572\">page sur la politique de confidentialit\u00e9<\/a><\/p>\n<\/div><\/div>\n","protected":false},"excerpt":{"rendered":"<p>Propri\u00e9t\u00e9 Ce site est op\u00e9r\u00e9 par la soci\u00e9t\u00e9 Alter OakL&rsquo;ensemble des contenus est la propri\u00e9t\u00e9 d&rsquo;Alter Oak, sous copyright. Adresse : 375 avenue de Tivoli \u2013 33110 Le Bouscat &#8211;&#8230; <i class=\"fal fa-long-arrow-right\"><\/i><\/p>\n","protected":false},"author":1,"featured_media":0,"parent":0,"menu_order":0,"comment_status":"closed","ping_status":"closed","template":"page-legal.php","meta":{"footnotes":""},"class_list":["post-570","page","type-page","status-publish","hentry"],"yoast_head":"<!-- This site is optimized with the Yoast SEO plugin v27.3 - https:\/\/yoast.com\/product\/yoast-seo-wordpress\/ -->\n<title>Mentions l\u00e9gales - Alter Oak - Second hand casks &amp; new oak barrels<\/title>\n<meta name=\"robots\" content=\"index, follow, max-snippet:-1, max-image-preview:large, max-video-preview:-1\" \/>\n<link rel=\"canonical\" href=\"https:\/\/alteroak.com\/fr\/mentions-legales\/\" \/>\n<meta property=\"og:locale\" content=\"fr_FR\" \/>\n<meta property=\"og:type\" content=\"article\" \/>\n<meta property=\"og:title\" content=\"Mentions l\u00e9gales - Alter Oak - Second hand casks &amp; new oak barrels\" \/>\n<meta property=\"og:description\" content=\"Propri\u00e9t\u00e9 Ce site est op\u00e9r\u00e9 par la soci\u00e9t\u00e9 Alter OakL&rsquo;ensemble des contenus est la propri\u00e9t\u00e9 d&rsquo;Alter Oak, sous copyright. Adresse : 375 avenue de Tivoli \u2013 33110 Le Bouscat &#8211;...\" \/>\n<meta property=\"og:url\" content=\"https:\/\/alteroak.com\/fr\/mentions-legales\/\" \/>\n<meta property=\"og:site_name\" content=\"Alter Oak - Second hand casks &amp; new oak barrels\" \/>\n<meta property=\"article:modified_time\" content=\"2024-06-27T15:53:20+00:00\" \/>\n<meta name=\"twitter:card\" content=\"summary_large_image\" \/>\n<meta name=\"twitter:label1\" content=\"Dur\u00e9e de lecture estim\u00e9e\" \/>\n\t<meta name=\"twitter:data1\" content=\"1 minute\" \/>\n<script type=\"application\/ld+json\" class=\"yoast-schema-graph\">{\"@context\":\"https:\\\/\\\/schema.org\",\"@graph\":[{\"@type\":\"WebPage\",\"@id\":\"https:\\\/\\\/alteroak.com\\\/fr\\\/mentions-legales\\\/\",\"url\":\"https:\\\/\\\/alteroak.com\\\/fr\\\/mentions-legales\\\/\",\"name\":\"Mentions l\u00e9gales - Alter Oak - Second hand casks &amp; new oak barrels\",\"isPartOf\":{\"@id\":\"https:\\\/\\\/alteroak.com\\\/fr\\\/#website\"},\"datePublished\":\"2024-06-27T15:47:43+00:00\",\"dateModified\":\"2024-06-27T15:53:20+00:00\",\"breadcrumb\":{\"@id\":\"https:\\\/\\\/alteroak.com\\\/fr\\\/mentions-legales\\\/#breadcrumb\"},\"inLanguage\":\"fr-FR\",\"potentialAction\":[{\"@type\":\"ReadAction\",\"target\":[\"https:\\\/\\\/alteroak.com\\\/fr\\\/mentions-legales\\\/\"]}]},{\"@type\":\"BreadcrumbList\",\"@id\":\"https:\\\/\\\/alteroak.com\\\/fr\\\/mentions-legales\\\/#breadcrumb\",\"itemListElement\":[{\"@type\":\"ListItem\",\"position\":1,\"name\":\"Home\",\"item\":\"https:\\\/\\\/alteroak.com\\\/fr\\\/\"},{\"@type\":\"ListItem\",\"position\":2,\"name\":\"Mentions l\u00e9gales\"}]},{\"@type\":\"WebSite\",\"@id\":\"https:\\\/\\\/alteroak.com\\\/fr\\\/#website\",\"url\":\"https:\\\/\\\/alteroak.com\\\/fr\\\/\",\"name\":\"Alter Oak - Second hand casks &amp; new oak barrels\",\"description\":\"\",\"potentialAction\":[{\"@type\":\"SearchAction\",\"target\":{\"@type\":\"EntryPoint\",\"urlTemplate\":\"https:\\\/\\\/alteroak.com\\\/fr\\\/?s={search_term_string}\"},\"query-input\":{\"@type\":\"PropertyValueSpecification\",\"valueRequired\":true,\"valueName\":\"search_term_string\"}}],\"inLanguage\":\"fr-FR\"}]}<\/script>\n<!-- \/ Yoast SEO plugin. -->","yoast_head_json":{"title":"Mentions l\u00e9gales - Alter Oak - Second hand casks &amp; new oak barrels","robots":{"index":"index","follow":"follow","max-snippet":"max-snippet:-1","max-image-preview":"max-image-preview:large","max-video-preview":"max-video-preview:-1"},"canonical":"https:\/\/alteroak.com\/fr\/mentions-legales\/","og_locale":"fr_FR","og_type":"article","og_title":"Mentions l\u00e9gales - Alter Oak - Second hand casks &amp; new oak barrels","og_description":"Propri\u00e9t\u00e9 Ce site est op\u00e9r\u00e9 par la soci\u00e9t\u00e9 Alter OakL&rsquo;ensemble des contenus est la propri\u00e9t\u00e9 d&rsquo;Alter Oak, sous copyright. Adresse : 375 avenue de Tivoli \u2013 33110 Le Bouscat &#8211;...","og_url":"https:\/\/alteroak.com\/fr\/mentions-legales\/","og_site_name":"Alter Oak - Second hand casks &amp; new oak barrels","article_modified_time":"2024-06-27T15:53:20+00:00","twitter_card":"summary_large_image","twitter_misc":{"Dur\u00e9e de lecture estim\u00e9e":"1 minute"},"schema":{"@context":"https:\/\/schema.org","@graph":[{"@type":"WebPage","@id":"https:\/\/alteroak.com\/fr\/mentions-legales\/","url":"https:\/\/alteroak.com\/fr\/mentions-legales\/","name":"Mentions l\u00e9gales - Alter Oak - Second hand casks &amp; new oak barrels","isPartOf":{"@id":"https:\/\/alteroak.com\/fr\/#website"},"datePublished":"2024-06-27T15:47:43+00:00","dateModified":"2024-06-27T15:53:20+00:00","breadcrumb":{"@id":"https:\/\/alteroak.com\/fr\/mentions-legales\/#breadcrumb"},"inLanguage":"fr-FR","potentialAction":[{"@type":"ReadAction","target":["https:\/\/alteroak.com\/fr\/mentions-legales\/"]}]},{"@type":"BreadcrumbList","@id":"https:\/\/alteroak.com\/fr\/mentions-legales\/#breadcrumb","itemListElement":[{"@type":"ListItem","position":1,"name":"Home","item":"https:\/\/alteroak.com\/fr\/"},{"@type":"ListItem","position":2,"name":"Mentions l\u00e9gales"}]},{"@type":"WebSite","@id":"https:\/\/alteroak.com\/fr\/#website","url":"https:\/\/alteroak.com\/fr\/","name":"Alter Oak - Second hand casks &amp; new oak barrels","description":"","potentialAction":[{"@type":"SearchAction","target":{"@type":"EntryPoint","urlTemplate":"https:\/\/alteroak.com\/fr\/?s={search_term_string}"},"query-input":{"@type":"PropertyValueSpecification","valueRequired":true,"valueName":"search_term_string"}}],"inLanguage":"fr-FR"}]}},"_links":{"self":[{"href":"https:\/\/alteroak.com\/fr\/wp-json\/wp\/v2\/pages\/570","targetHints":{"allow":["GET"]}}],"collection":[{"href":"https:\/\/alteroak.com\/fr\/wp-json\/wp\/v2\/pages"}],"about":[{"href":"https:\/\/alteroak.com\/fr\/wp-json\/wp\/v2\/types\/page"}],"author":[{"embeddable":true,"href":"https:\/\/alteroak.com\/fr\/wp-json\/wp\/v2\/users\/1"}],"replies":[{"embeddable":true,"href":"https:\/\/alteroak.com\/fr\/wp-json\/wp\/v2\/comments?post=570"}],"version-history":[{"count":2,"href":"https:\/\/alteroak.com\/fr\/wp-json\/wp\/v2\/pages\/570\/revisions"}],"predecessor-version":[{"id":574,"href":"https:\/\/alteroak.com\/fr\/wp-json\/wp\/v2\/pages\/570\/revisions\/574"}],"wp:attachment":[{"href":"https:\/\/alteroak.com\/fr\/wp-json\/wp\/v2\/media?parent=570"}],"curies":[{"name":"wp","href":"https:\/\/api.w.org\/{rel}","templated":true}]}}