{"id":572,"date":"2024-06-27T17:52:00","date_gmt":"2024-06-27T15:52:00","guid":{"rendered":"https:\/\/wp.orvalis.fr\/alteroakv2\/?page_id=572"},"modified":"2024-06-27T17:52:20","modified_gmt":"2024-06-27T15:52:20","slug":"politique-de-confidentialite","status":"publish","type":"page","link":"https:\/\/alteroak.com\/fr\/politique-de-confidentialite\/","title":{"rendered":"Politique de confidentialit\u00e9"},"content":{"rendered":"\n<div class=\"wp-block-group wrap 2-col\"><div class=\"wp-block-group__inner-container\">\n<div id=\"legal\" class=\"wp-block-group\"><div class=\"wp-block-group__inner-container\">\n<h2 class=\"wp-block-heading\" id=\"introduction\">Introduction<\/h2>\n\n\n\n<p>Dans le cadre de son activit\u00e9, la SASU <em>Alter Oak<\/em>, dont le si\u00e8ge social est situ\u00e9 au 375 avenue de Tivoli &#8211; 33110 Le Bouscat, est amen\u00e9e \u00e0 collecter et \u00e0 traiter des informations dont certaines sont qualifi\u00e9es de \u00ab\u00a0donn\u00e9es personnelles\u00a0\u00bb. <em><em>Alter Oak<\/em><\/em> attache une grande importance au respect de la vie priv\u00e9e, et n\u2019utilise que des donnes de mani\u00e8re responsable et confidentielle et dans une finalit\u00e9 pr\u00e9cise.<\/p>\n\n\n\n<h2 class=\"wp-block-heading\" id=\"donnees-personnelles\">Donn\u00e9es personnelles<\/h2>\n\n\n\n<p>Sur le site web <em>alteroak.com<\/em>, il y a 2 types de donn\u00e9es susceptibles d\u2019\u00eatre recueillies :<\/p>\n\n\n\n<ul class=\"wp-block-list\">\n<li><strong>Les donn\u00e9es transmises directement<\/strong><br>Ces donn\u00e9es sont celles que vous nous transmettez directement, via un formulaire de contact ou bien par contact direct par email. Sont obligatoires dans le formulaire de contact le champs \u00ab pr\u00e9nom et nom \u00bb, \u00ab sujet \u00bb et \u00ab courriel \u00bb.<\/li>\n\n\n\n<li><strong>Les donn\u00e9es collect\u00e9es automatiquement<\/strong><br>Lors de vos visites, une fois votre consentement donn\u00e9, nous pouvons recueillir des informations de type \u00ab web analytics \u00bb relatives \u00e0 votre navigation, la dur\u00e9e de votre consultation, votre adresse IP, votre type et version de navigateur. La technologie utilis\u00e9e est le cookie.<\/li>\n<\/ul>\n\n\n\n<h2 class=\"wp-block-heading\" id=\"utilisation-des-donnees\">Utilisation des donn\u00e9es<\/h2>\n\n\n\n<p>Les donn\u00e9es personnelles ne sont collect\u00e9es qu\u2019apr\u00e8s consentement obligatoire de l\u2019utilisateur. Ce consentement est valablement recueilli (boutons et cases \u00e0 cocher), libre, clair et sans \u00e9quivoque.<\/p>\n\n\n\n<h2 class=\"wp-block-heading\" id=\"duree-de-conservation\">Dur\u00e9e de conservation<\/h2>\n\n\n\n<p>Les donn\u00e9es seront sauvegard\u00e9es durant une dur\u00e9e maximale de 3 ans.<\/p>\n\n\n\n<h2 class=\"wp-block-heading\" id=\"cookies\">Cookies<\/h2>\n\n\n\n<p>La liste des cookies utilis\u00e9s est disponible sur la page \u00ab\u00a0<a href=\"https:\/\/wp.orvalis.fr\/metanature\/politique-de-cookies-ue\/\" data-type=\"page\" data-id=\"4430\">Politique de cookies<\/a>\u00ab\u00a0.<\/p>\n\n\n\n<h2 class=\"wp-block-heading\" id=\"vos-droits-concernant-les-donnees-personnelles\">Vos droits concernant les donn\u00e9es personnelles<\/h2>\n\n\n\n<p>Vous avez le droit de consultation, demande de modification ou d\u2019effacement sur l\u2019ensemble de vos donn\u00e9es personnelles. Vous pouvez \u00e9galement retirer votre consentement au traitement de vos donn\u00e9es.<\/p>\n\n\n\n<h2 class=\"wp-block-heading\" id=\"contact-delegue-a-la-protection-des-donnees\">Contact d\u00e9l\u00e9gu\u00e9 \u00e0 la protection des donn\u00e9es<\/h2>\n\n\n\n<p>Alexandra Barrailh &#8211; info@alteroak.com<\/p>\n<\/div><\/div>\n<\/div><\/div>\n","protected":false},"excerpt":{"rendered":"<p>Introduction Dans le cadre de son activit\u00e9, la SASU Alter Oak, dont le si\u00e8ge social est situ\u00e9 au 375 avenue de Tivoli &#8211; 33110 Le Bouscat, est amen\u00e9e \u00e0 collecter&#8230; <i class=\"fal fa-long-arrow-right\"><\/i><\/p>\n","protected":false},"author":1,"featured_media":0,"parent":0,"menu_order":0,"comment_status":"closed","ping_status":"closed","template":"page-legal.php","meta":{"footnotes":""},"class_list":["post-572","page","type-page","status-publish","hentry"],"yoast_head":"<!-- This site is optimized with the Yoast SEO plugin v27.3 - https:\/\/yoast.com\/product\/yoast-seo-wordpress\/ -->\n<title>Politique de confidentialit\u00e9 - Alter Oak - Second hand casks &amp; new oak barrels<\/title>\n<meta name=\"robots\" content=\"index, follow, max-snippet:-1, max-image-preview:large, max-video-preview:-1\" \/>\n<link rel=\"canonical\" href=\"https:\/\/alteroak.com\/fr\/politique-de-confidentialite\/\" \/>\n<meta property=\"og:locale\" content=\"fr_FR\" \/>\n<meta property=\"og:type\" content=\"article\" \/>\n<meta property=\"og:title\" content=\"Politique de confidentialit\u00e9 - Alter Oak - Second hand casks &amp; new oak barrels\" \/>\n<meta property=\"og:description\" content=\"Introduction Dans le cadre de son activit\u00e9, la SASU Alter Oak, dont le si\u00e8ge social est situ\u00e9 au 375 avenue de Tivoli &#8211; 33110 Le Bouscat, est amen\u00e9e \u00e0 collecter...\" \/>\n<meta property=\"og:url\" content=\"https:\/\/alteroak.com\/fr\/politique-de-confidentialite\/\" \/>\n<meta property=\"og:site_name\" content=\"Alter Oak - Second hand casks &amp; new oak barrels\" \/>\n<meta property=\"article:modified_time\" content=\"2024-06-27T15:52:20+00:00\" \/>\n<meta name=\"twitter:card\" content=\"summary_large_image\" \/>\n<meta name=\"twitter:label1\" content=\"Dur\u00e9e de lecture estim\u00e9e\" \/>\n\t<meta name=\"twitter:data1\" content=\"2 minutes\" \/>\n<script type=\"application\/ld+json\" class=\"yoast-schema-graph\">{\"@context\":\"https:\\\/\\\/schema.org\",\"@graph\":[{\"@type\":\"WebPage\",\"@id\":\"https:\\\/\\\/alteroak.com\\\/fr\\\/politique-de-confidentialite\\\/\",\"url\":\"https:\\\/\\\/alteroak.com\\\/fr\\\/politique-de-confidentialite\\\/\",\"name\":\"Politique de confidentialit\u00e9 - Alter Oak - Second hand casks &amp; new oak barrels\",\"isPartOf\":{\"@id\":\"https:\\\/\\\/alteroak.com\\\/fr\\\/#website\"},\"datePublished\":\"2024-06-27T15:52:00+00:00\",\"dateModified\":\"2024-06-27T15:52:20+00:00\",\"breadcrumb\":{\"@id\":\"https:\\\/\\\/alteroak.com\\\/fr\\\/politique-de-confidentialite\\\/#breadcrumb\"},\"inLanguage\":\"fr-FR\",\"potentialAction\":[{\"@type\":\"ReadAction\",\"target\":[\"https:\\\/\\\/alteroak.com\\\/fr\\\/politique-de-confidentialite\\\/\"]}]},{\"@type\":\"BreadcrumbList\",\"@id\":\"https:\\\/\\\/alteroak.com\\\/fr\\\/politique-de-confidentialite\\\/#breadcrumb\",\"itemListElement\":[{\"@type\":\"ListItem\",\"position\":1,\"name\":\"Home\",\"item\":\"https:\\\/\\\/alteroak.com\\\/fr\\\/\"},{\"@type\":\"ListItem\",\"position\":2,\"name\":\"Politique de confidentialit\u00e9\"}]},{\"@type\":\"WebSite\",\"@id\":\"https:\\\/\\\/alteroak.com\\\/fr\\\/#website\",\"url\":\"https:\\\/\\\/alteroak.com\\\/fr\\\/\",\"name\":\"Alter Oak - Second hand casks &amp; new oak barrels\",\"description\":\"\",\"potentialAction\":[{\"@type\":\"SearchAction\",\"target\":{\"@type\":\"EntryPoint\",\"urlTemplate\":\"https:\\\/\\\/alteroak.com\\\/fr\\\/?s={search_term_string}\"},\"query-input\":{\"@type\":\"PropertyValueSpecification\",\"valueRequired\":true,\"valueName\":\"search_term_string\"}}],\"inLanguage\":\"fr-FR\"}]}<\/script>\n<!-- \/ Yoast SEO plugin. -->","yoast_head_json":{"title":"Politique de confidentialit\u00e9 - Alter Oak - Second hand casks &amp; new oak barrels","robots":{"index":"index","follow":"follow","max-snippet":"max-snippet:-1","max-image-preview":"max-image-preview:large","max-video-preview":"max-video-preview:-1"},"canonical":"https:\/\/alteroak.com\/fr\/politique-de-confidentialite\/","og_locale":"fr_FR","og_type":"article","og_title":"Politique de confidentialit\u00e9 - Alter Oak - Second hand casks &amp; new oak barrels","og_description":"Introduction Dans le cadre de son activit\u00e9, la SASU Alter Oak, dont le si\u00e8ge social est situ\u00e9 au 375 avenue de Tivoli &#8211; 33110 Le Bouscat, est amen\u00e9e \u00e0 collecter...","og_url":"https:\/\/alteroak.com\/fr\/politique-de-confidentialite\/","og_site_name":"Alter Oak - Second hand casks &amp; new oak barrels","article_modified_time":"2024-06-27T15:52:20+00:00","twitter_card":"summary_large_image","twitter_misc":{"Dur\u00e9e de lecture estim\u00e9e":"2 minutes"},"schema":{"@context":"https:\/\/schema.org","@graph":[{"@type":"WebPage","@id":"https:\/\/alteroak.com\/fr\/politique-de-confidentialite\/","url":"https:\/\/alteroak.com\/fr\/politique-de-confidentialite\/","name":"Politique de confidentialit\u00e9 - Alter Oak - Second hand casks &amp; new oak barrels","isPartOf":{"@id":"https:\/\/alteroak.com\/fr\/#website"},"datePublished":"2024-06-27T15:52:00+00:00","dateModified":"2024-06-27T15:52:20+00:00","breadcrumb":{"@id":"https:\/\/alteroak.com\/fr\/politique-de-confidentialite\/#breadcrumb"},"inLanguage":"fr-FR","potentialAction":[{"@type":"ReadAction","target":["https:\/\/alteroak.com\/fr\/politique-de-confidentialite\/"]}]},{"@type":"BreadcrumbList","@id":"https:\/\/alteroak.com\/fr\/politique-de-confidentialite\/#breadcrumb","itemListElement":[{"@type":"ListItem","position":1,"name":"Home","item":"https:\/\/alteroak.com\/fr\/"},{"@type":"ListItem","position":2,"name":"Politique de confidentialit\u00e9"}]},{"@type":"WebSite","@id":"https:\/\/alteroak.com\/fr\/#website","url":"https:\/\/alteroak.com\/fr\/","name":"Alter Oak - Second hand casks &amp; new oak barrels","description":"","potentialAction":[{"@type":"SearchAction","target":{"@type":"EntryPoint","urlTemplate":"https:\/\/alteroak.com\/fr\/?s={search_term_string}"},"query-input":{"@type":"PropertyValueSpecification","valueRequired":true,"valueName":"search_term_string"}}],"inLanguage":"fr-FR"}]}},"_links":{"self":[{"href":"https:\/\/alteroak.com\/fr\/wp-json\/wp\/v2\/pages\/572","targetHints":{"allow":["GET"]}}],"collection":[{"href":"https:\/\/alteroak.com\/fr\/wp-json\/wp\/v2\/pages"}],"about":[{"href":"https:\/\/alteroak.com\/fr\/wp-json\/wp\/v2\/types\/page"}],"author":[{"embeddable":true,"href":"https:\/\/alteroak.com\/fr\/wp-json\/wp\/v2\/users\/1"}],"replies":[{"embeddable":true,"href":"https:\/\/alteroak.com\/fr\/wp-json\/wp\/v2\/comments?post=572"}],"version-history":[{"count":1,"href":"https:\/\/alteroak.com\/fr\/wp-json\/wp\/v2\/pages\/572\/revisions"}],"predecessor-version":[{"id":573,"href":"https:\/\/alteroak.com\/fr\/wp-json\/wp\/v2\/pages\/572\/revisions\/573"}],"wp:attachment":[{"href":"https:\/\/alteroak.com\/fr\/wp-json\/wp\/v2\/media?parent=572"}],"curies":[{"name":"wp","href":"https:\/\/api.w.org\/{rel}","templated":true}]}}